{"id":1459,"date":"2021-02-24T08:16:49","date_gmt":"2021-02-24T08:16:49","guid":{"rendered":"https:\/\/ponleu.org\/?page_id=1459"},"modified":"2025-10-12T05:09:20","modified_gmt":"2025-10-12T05:09:20","slug":"accueil","status":"publish","type":"page","link":"https:\/\/ponleu.org\/fr\/","title":{"rendered":"Accueil"},"content":{"rendered":"\n<figure class=\"wp-block-image size-large\"><a href=\"https:\/\/ponleu.org\/wp-content\/uploads\/2025\/09\/web-profile-2025-1.jpg\"><img loading=\"lazy\" decoding=\"async\" width=\"1024\" height=\"604\" src=\"https:\/\/ponleu.org\/wp-content\/uploads\/2025\/09\/web-profile-2025-1-1024x604.jpg\" alt=\"\" class=\"wp-image-1857\" srcset=\"https:\/\/ponleu.org\/wp-content\/uploads\/2025\/09\/web-profile-2025-1-1024x604.jpg 1024w, https:\/\/ponleu.org\/wp-content\/uploads\/2025\/09\/web-profile-2025-1-300x177.jpg 300w, https:\/\/ponleu.org\/wp-content\/uploads\/2025\/09\/web-profile-2025-1-768x453.jpg 768w, https:\/\/ponleu.org\/wp-content\/uploads\/2025\/09\/web-profile-2025-1-1536x906.jpg 1536w, https:\/\/ponleu.org\/wp-content\/uploads\/2025\/09\/web-profile-2025-1.jpg 1920w\" sizes=\"(max-width: 1024px) 100vw, 1024px\" \/><\/a><\/figure>\n\n\n\n<p>L\u2019association Ponleu (loi 1901) a pour objectif de donner acc\u00e8s \u00e0 des ouvrages de r\u00e9f\u00e9rence internationaux, \u00e0 travers leur traduction et publication en khmer. Elle publie \u00e9galement ses propres ouvrages, qui portent sur divers champs de la connaissance (philosophie, litt\u00e9rature, sciences, etc.)<\/p>\n\n\n\n<p>Pour le moment, les ouvrages suivants sont disponibles :<\/p>\n\n\n\n<ul>\n<li><em><strong>Quelques aspects de la Philosophie du VIe si\u00e8cle av. J.-C. \u00e0 nos jours<\/strong><\/em>, par Vandy Kaonn, publi\u00e9 en 2015, 482 pages. Il s\u2019agit d\u2019une introduction aux concepts majeurs de philosophie g\u00e9n\u00e9rale, r\u00e9dig\u00e9e en khmer. Le livre inclut un utile lexique de traductions de vocabulaire philosophique en khmer.<\/li>\n\n\n\n<li><em><strong>Les \u00e9crivains c\u00e9l\u00e8bres<\/strong><\/em>, par Vandy Kaonn, publi\u00e9 en 2016, 422 pages. Le livre pr\u00e9sente une s\u00e9lection d\u2019auteurs qui ont eu une influence consid\u00e9rable sur l\u2019histoire de la litt\u00e9rature mondiale.<\/li>\n\n\n\n<li><em><strong>Le joueur d\u2019\u00e9checs<\/strong>,<\/em> d\u2019apr\u00e8s Stefan Zweig, traduit en khmer par Vandy Kaonn, publi\u00e9 en 2017, 94 pages. Traduite pour la premi\u00e8re fois en khmer, cette nouvelle est aussi la derni\u00e8re \u00e9crite par Stefan Zweig avant sa mort en 1942.<\/li>\n\n\n\n<li><em><strong>Amok ou le Fou de Malaisie<\/strong>,<\/em> d\u2019apr\u00e8s Stefan Zweig, traduit en khmer par Vandy Kaonn, publi\u00e9 en 2019, 94 pages. <\/li>\n\n\n\n<li><em><strong>Le bonheur, c\u2019est quoi ?<\/strong> (\u00a9 Nathan, 2013),<\/em> livre de philosophie pour les enfants d\u2019Oscar Brenifier, illustrations de Catherine Meurisse, traduit en khmer par Sarah Oliveira et Vandy Rattana, publi\u00e9 fin 2020, 96 pages.<\/li>\n\n\n\n<li><strong><em>Discours de la Servitude volontaire<\/em><\/strong> : Dans cet essai traduit en khmer par Vandy Kaonn et publi\u00e9 au Cambodge en 2024, \u00c9tienne de La Bo\u00e9tie se penche sur les raisons qui permettent aux dictateurs de se maintenir au pouvoir. <\/li>\n\n\n\n<li><strong><em>L&rsquo;\u00eele des monstres (Koh Beisach)<\/em><\/strong>, publi\u00e9 en 2024, est une nouvelle de Vandy Kaonn \u00e9crite dans les ann\u00e9es 1980 avant qu&rsquo;il ne quitte le Cambodge. L&rsquo;histoire \u00e9voque une s\u00e9rie de meurtres qui ne frappent que des hommes sur une \u00eele&#8230;<\/li>\n\n\n\n<li><strong><em>1984,<\/em>&nbsp;<\/strong>le roman le plus connu de l&rsquo;\u00e9crivain anglais Georges Orwell, traduit par Vandy Kaonn. Chef d&rsquo;oeuvre de la litt\u00e9rature connu dans le monde entier. L&rsquo;histoire d\u00e9crit une soci\u00e9t\u00e9 de surveillance totalitaire, sous l&#8217;emprise de Big Brother. Publi\u00e9 en 2025, 553 pages.<\/li>\n<\/ul>\n\n\n\n<p>Les livres sont disponibles dans les librairies suivantes :<\/p>\n\n\n\n<ul>\n<li><strong>Three shops behind Sisowath high school<br><\/strong>St 51, Phsar Thmey 3, Daun Penh, Phnom Penh<br>\u2013 Ponleu Vekchea (070 405 082)<br>\u2013 Ky Na Bookshop, store No 8 (015 265 857)<br>\u2013 Store No 9 (015 876 785)<\/li>\n\n\n\n<li><strong>Chamnar Bookstore<\/strong><br>The Commune, 1st Floor, St. 347, Tuol Kok, Phnom Penh (015 230 300)<br>https:\/\/www.facebook.com\/ChamnarBOOKSTORE <\/li>\n\n\n\n<li><strong>VHP Bookshop<\/strong><br>Chhouk Va Secondary School, Phnom Penh (086888272)<br><a href=\"https:\/\/maps.app.goo.gl\/HDBKfMm5wPWjx4PC8\" target=\"_blank\" rel=\"noreferrer noopener\">https:\/\/maps.app.goo.gl\/HDBKfMm5wPWjx4PC8<\/a><\/li>\n\n\n\n<li><strong>Bannakea Baktouk<br><\/strong>80A-B-C-D, Street 161, Phnom Penh, Cambodia, Phnom Penh (012 624 963)<br>https:\/\/www.facebook.com\/bactoukbookshopcentre <\/li>\n\n\n\n<li><strong>\u17a2\u1780\u17d2\u179f\u179a\u179f\u17b7\u179b\u17d2\u1794\u17cd\u1793\u17b7\u1799\u1798-LiteraturePhile<\/strong><br>https:\/\/www.facebook.com\/LiteraturePhile.kh<\/li>\n\n\n\n<li><strong>\u17a2\u17b6\u179a\u17c4\u1785\u1793\u1799\u17b6\u1793\u2014Arochanayana<\/strong><br>\u1781\u17c1\u178f\u17d2\u178f\u1794\u17b6\u178f\u17cb\u178a\u17c6\u1794\u1784 Battambang (098 720 426)<\/li>\n\n\n\n<li><strong>My Bookshop Cambodia<br><\/strong>136, Preah Norodom Blvd, Phnom Penh (069 846 257)<br><a class=\"rank-math-link\" href=\"https:\/\/www.facebook.com\/mybookshopread\/\" target=\"_blank\" rel=\"noopener\">https:\/\/www.facebook.com\/mybookshopread\/<\/a><\/li>\n\n\n\n<li><strong>Scholar Library \u2013 \u1794\u178e\u17d2\u178e\u17b6\u179b\u17d0\u1799\u1794\u1789\u17d2\u1789\u179c\u1793\u17d2\u178f<br><\/strong>35BE2 Street 298 Sangkat Toul Svay I, Khan Chamkar Mon, Phnom Penh (069 950 556)<br><a class=\"rank-math-link\" href=\"https:\/\/www.facebook.com\/ScholarKH\/\u2028\" target=\"_blank\" rel=\"noopener\">https:\/\/www.facebook.com\/ScholarKH\/<\/a><\/li>\n\n\n\n<li><strong>Angkor Bookshop<br><\/strong>125ABC street 139 Sangkat Mittapheap, Phnom Penh (023 888 786)<br><a class=\"rank-math-link\" href=\"https:\/\/www.facebook.com\/Angkor-Book-Shop-1640021839619096\u2028\" target=\"_blank\" rel=\"noopener\">https:\/\/www.facebook.com\/Angkor-Book-Shop-1640021839619096<\/a><\/li>\n\n\n\n<li><strong>\u178f\u17bc\u1794\u179b\u1780\u17cb\u179f\u17c0\u179c\u1797\u17c5\u1780\u17d2\u179a\u17c4\u1799\u179c\u178f\u17d2\u178f\u179b\u1784\u17d2\u1780\u17b6 Ngoun Socheat <br><\/strong>behind Vat Langka, Phnom Penh (017 533 768)<\/li>\n\n\n\n<li><strong>Nokor Thom Bookshop<br><\/strong>142 B2, St 19, Chea Chamneas, Daun Penh, Phnom Penh (012 313 435)<br><a class=\"rank-math-link\" href=\"https:\/\/www.facebook.com\/NokorthomBookshop\/\u2028\" target=\"_blank\" rel=\"noopener\">https:\/\/www.facebook.com\/NokorthomBookshop\/<\/a><\/li>\n\n\n\n<li><strong>PeaceBook center (PBC)<br><\/strong>435 Preah Monivong Blvd, Phnom Penh (023 222-622)<br><a class=\"rank-math-link\" href=\"https:\/\/www.facebook.com\/pbcpages\/\u2028\" target=\"_blank\" rel=\"noopener\">https:\/\/www.facebook.com\/pbcpages\/<\/a><\/li>\n\n\n\n<li><strong>Le Story<br><\/strong>House #105B St. 200, Oknha Men, Phnom Penh (015791072)<br><a class=\"rank-math-link\" href=\"https:\/\/www.facebook.com\/lestory.bookshop\u2028\" target=\"_blank\" rel=\"noopener\">https:\/\/www.facebook.com\/lestory.bookshop<\/a><\/li>\n\n\n\n<li><strong>Angkor Thom Bookshop<br><\/strong>261, Kampuchea Krom Blvd, Phnom Penh (023 888 886)<br><a class=\"rank-math-link\" href=\"https:\/\/www.facebook.com\/pages\/Angkor%20Thom%20Book%20Shop,%20Kampuchea%20Krom\/221665964511612\/\" target=\"_blank\" rel=\"noopener\"><\/a><a class=\"rank-math-link\" rel=\"noreferrer noopener\" href=\"http:\/\/urlr.me\/Jj2f5\" target=\"_blank\">urlr.me\/Jj2f5<\/a><\/li>\n\n\n\n<li><strong>\u1794\u178e\u17d2\u178e\u17b6\u1782\u17b6\u179a\u17a5\u1793\u17d2\u179a\u17d2\u1791\u1791\u17c1\u179c\u17b8 Indradevi Bookshop <br><\/strong>\u1781\u17c1\u178f\u17d2\u178f\u1794\u17b6\u178f\u17cb\u178a\u17c6\u1794\u1784 Battambang (089 666 689)<br><a class=\"rank-math-link\" rel=\"noreferrer noopener\" href=\"http:\/\/urlr.me\/421Ns\" target=\"_blank\">urlr.me\/421Ns <\/a><\/li>\n\n\n\n<li><strong>\u17a2\u17b6\u178e\u17b6\u1785\u1780\u17d2\u179a\u17a2\u17d2\u1793\u1780\u17a2\u17b6\u1793 \u2013 Empire of Readers<br><\/strong><a class=\"rank-math-link\" href=\"http:\/\/www.empireofreaders.com\/\" target=\"_blank\" rel=\"noopener\">http:\/\/www.empireofreaders.com\/<\/a><\/li>\n\n\n\n<li><strong>\u1794\u178e\u17d2\u178e\u17b6\u1782\u17b6\u179a \u1796\u17c1\u1787\u17d2\u179a\u179a\u17d0\u178f\u17d2\u1793<\/strong> <strong>&#8211; Pech Roat Bookshop<\/strong><br>\u1780\u17d2\u179a\u17bb\u1784\u179f\u17c0\u1798\u179a\u17b6\u1794 Siem Reap (\u1795\u17d2\u179b\u17bc\u179c\u179b\u17c4\u1780\u178f\u17b6\u178e\u17ba\u1799\u1793\u17c5\u1787\u17b7\u178f\u1781\u17b6\u179a\u17c9\u17b6\u17a2\u17bc\u1781\u17c1 New Start KTV)<br>(011 699 292) hengeang009@gmail.com<\/li>\n\n\n\n<li><strong>\u1794\u178e\u17d2\u178e\u17b6\u1782\u17b6\u179a \u1796\u1793\u17d2\u179b\u17ba \u17a2\u1784\u17d2\u1782\u179a<\/strong> <strong>&#8211; Ponleu Angkor Bookshop<\/strong><br>\u1780\u17d2\u179a\u17bb\u1784\u179f\u17c0\u1798\u179a\u17b6\u1794 Siem Reap (\u1793\u17c5\u1798\u17bb\u1781\u1798\u1793\u17d2\u1791\u17b8\u179a\u1796\u17c1\u1791\u17d2\u1799\u200b\u1794\u1784\u17d2\u17a2\u17c2\u1780\u200b\u1781\u17c1\u178f\u17d2\u178f\u179f\u17c0\u1798\u179a\u17b6\u1794)<br>(078 702 086) san_ponleuangkor@yahoo.com<\/li>\n<\/ul>\n\n\n\n<p>Si vous \u00eates une librairie int\u00e9ress\u00e9e pour vendre nos livres, merci de contacter Lyna (qui parle anglais et khmer), notre distributrice au +855 092 961 974.<\/p>\n\n\n<div class=\"wp-block-image\">\n<figure class=\"aligncenter size-large\"><a href=\"https:\/\/ponleu.org\/wp-content\/uploads\/2024\/05\/Capture-decran-2024-05-26-a-21.28.55.jpg\"><img loading=\"lazy\" decoding=\"async\" width=\"1024\" height=\"586\" src=\"https:\/\/ponleu.org\/wp-content\/uploads\/2024\/05\/Capture-decran-2024-05-26-a-21.28.55-1024x586.jpg\" alt=\"\" class=\"wp-image-1839\" srcset=\"https:\/\/ponleu.org\/wp-content\/uploads\/2024\/05\/Capture-decran-2024-05-26-a-21.28.55-1024x586.jpg 1024w, https:\/\/ponleu.org\/wp-content\/uploads\/2024\/05\/Capture-decran-2024-05-26-a-21.28.55-300x172.jpg 300w, https:\/\/ponleu.org\/wp-content\/uploads\/2024\/05\/Capture-decran-2024-05-26-a-21.28.55-768x440.jpg 768w, https:\/\/ponleu.org\/wp-content\/uploads\/2024\/05\/Capture-decran-2024-05-26-a-21.28.55-1536x879.jpg 1536w, https:\/\/ponleu.org\/wp-content\/uploads\/2024\/05\/Capture-decran-2024-05-26-a-21.28.55.jpg 1684w\" sizes=\"(max-width: 1024px) 100vw, 1024px\" \/><\/a><\/figure><\/div>\n\n<div class=\"wp-block-image\">\n<figure class=\"aligncenter size-large\"><a href=\"https:\/\/ponleu.org\/wp-content\/uploads\/2024\/05\/Capture-decran-2024-05-26-a-21.30.13.jpg\"><img loading=\"lazy\" decoding=\"async\" width=\"1024\" height=\"567\" src=\"https:\/\/ponleu.org\/wp-content\/uploads\/2024\/05\/Capture-decran-2024-05-26-a-21.30.13-1024x567.jpg\" alt=\"\" class=\"wp-image-1842\" srcset=\"https:\/\/ponleu.org\/wp-content\/uploads\/2024\/05\/Capture-decran-2024-05-26-a-21.30.13-1024x567.jpg 1024w, https:\/\/ponleu.org\/wp-content\/uploads\/2024\/05\/Capture-decran-2024-05-26-a-21.30.13-300x166.jpg 300w, https:\/\/ponleu.org\/wp-content\/uploads\/2024\/05\/Capture-decran-2024-05-26-a-21.30.13-768x425.jpg 768w, https:\/\/ponleu.org\/wp-content\/uploads\/2024\/05\/Capture-decran-2024-05-26-a-21.30.13-1536x850.jpg 1536w, https:\/\/ponleu.org\/wp-content\/uploads\/2024\/05\/Capture-decran-2024-05-26-a-21.30.13.jpg 1752w\" sizes=\"(max-width: 1024px) 100vw, 1024px\" \/><\/a><\/figure><\/div>","protected":false},"excerpt":{"rendered":"<p>L\u2019association Ponleu (loi 1901) a pour objectif de donner acc\u00e8s \u00e0 des ouvrages de r\u00e9f\u00e9rence internationaux, \u00e0 travers leur traduction et publication en khmer. Elle publie \u00e9galement ses propres ouvrages, qui portent sur divers champs de la connaissance (philosophie, litt\u00e9rature, sciences, etc.) Pour le moment, les ouvrages suivants sont disponibles : Les livres sont disponibles &#8230; <\/p>\n<p class=\"read-more-container\"><a title=\"Accueil\" class=\"read-more button\" href=\"https:\/\/ponleu.org\/fr\/#more-1459\" aria-label=\"En savoir plus sur Accueil\">Lire plus<\/a><\/p>\n","protected":false},"author":1,"featured_media":0,"parent":0,"menu_order":0,"comment_status":"closed","ping_status":"closed","template":"","meta":{"footnotes":""},"_links":{"self":[{"href":"https:\/\/ponleu.org\/fr\/wp-json\/wp\/v2\/pages\/1459"}],"collection":[{"href":"https:\/\/ponleu.org\/fr\/wp-json\/wp\/v2\/pages"}],"about":[{"href":"https:\/\/ponleu.org\/fr\/wp-json\/wp\/v2\/types\/page"}],"author":[{"embeddable":true,"href":"https:\/\/ponleu.org\/fr\/wp-json\/wp\/v2\/users\/1"}],"replies":[{"embeddable":true,"href":"https:\/\/ponleu.org\/fr\/wp-json\/wp\/v2\/comments?post=1459"}],"version-history":[{"count":0,"href":"https:\/\/ponleu.org\/fr\/wp-json\/wp\/v2\/pages\/1459\/revisions"}],"wp:attachment":[{"href":"https:\/\/ponleu.org\/fr\/wp-json\/wp\/v2\/media?parent=1459"}],"curies":[{"name":"wp","href":"https:\/\/api.w.org\/{rel}","templated":true}]}}