{"id":26,"date":"2014-09-13T10:58:48","date_gmt":"2014-09-13T10:58:48","guid":{"rendered":"https:\/\/ponleu.org\/?page_id=26"},"modified":"2023-02-12T09:01:56","modified_gmt":"2023-02-12T09:01:56","slug":"nous-soutenir","status":"publish","type":"page","link":"https:\/\/ponleu.org\/fr\/nous-soutenir\/","title":{"rendered":"Nous soutenir"},"content":{"rendered":"\n<h2 class=\"wp-block-heading\">Soutenir notre projet<br><\/h2>\n\n\n\n<div style=\"height:20px\" aria-hidden=\"true\" class=\"wp-block-spacer\"><\/div>\n\n\n\n<p>A ce jour, l\u2019association Ponleu a publi\u00e9 cinq titres, pr\u00e9sentant des auteurs dont l&rsquo;influence a \u00e9t\u00e9 d\u00e9cisive dans l\u2019histoire de la litt\u00e9rature internationale,\u00a0et pr\u00e9sentant des concepts de philosophie. Pour mener nos futurs projets, vous pouvez nous soutenir en faisant un don. Merci d&rsquo;utiliser le bouton de donation Paypal dans la colonne de droite. Merci de votre soutien.<\/p>\n\n\n\n<div style=\"height:20px\" aria-hidden=\"true\" class=\"wp-block-spacer\"><\/div>\n","protected":false},"excerpt":{"rendered":"<p>Soutenir notre projet A ce jour, l\u2019association Ponleu a publi\u00e9 cinq titres, pr\u00e9sentant des auteurs dont l&rsquo;influence a \u00e9t\u00e9 d\u00e9cisive dans l\u2019histoire de la litt\u00e9rature internationale,\u00a0et pr\u00e9sentant des concepts de philosophie. Pour mener nos futurs projets, vous pouvez nous soutenir en faisant un don. Merci d&rsquo;utiliser le bouton de donation Paypal dans la colonne de &#8230; <\/p>\n<p class=\"read-more-container\"><a title=\"Nous soutenir\" class=\"read-more button\" href=\"https:\/\/ponleu.org\/fr\/nous-soutenir\/#more-26\" aria-label=\"En savoir plus sur Nous soutenir\">Lire plus<\/a><\/p>\n","protected":false},"author":1,"featured_media":0,"parent":0,"menu_order":0,"comment_status":"closed","ping_status":"closed","template":"","meta":{"footnotes":""},"_links":{"self":[{"href":"https:\/\/ponleu.org\/fr\/wp-json\/wp\/v2\/pages\/26"}],"collection":[{"href":"https:\/\/ponleu.org\/fr\/wp-json\/wp\/v2\/pages"}],"about":[{"href":"https:\/\/ponleu.org\/fr\/wp-json\/wp\/v2\/types\/page"}],"author":[{"embeddable":true,"href":"https:\/\/ponleu.org\/fr\/wp-json\/wp\/v2\/users\/1"}],"replies":[{"embeddable":true,"href":"https:\/\/ponleu.org\/fr\/wp-json\/wp\/v2\/comments?post=26"}],"version-history":[{"count":0,"href":"https:\/\/ponleu.org\/fr\/wp-json\/wp\/v2\/pages\/26\/revisions"}],"wp:attachment":[{"href":"https:\/\/ponleu.org\/fr\/wp-json\/wp\/v2\/media?parent=26"}],"curies":[{"name":"wp","href":"https:\/\/api.w.org\/{rel}","templated":true}]}}