{"id":512,"date":"2015-03-06T18:03:32","date_gmt":"2015-03-06T18:03:32","guid":{"rendered":"https:\/\/ponleu.org\/?page_id=512"},"modified":"2023-02-12T09:09:31","modified_gmt":"2023-02-12T09:09:31","slug":"qui-sommes-nous","status":"publish","type":"page","link":"https:\/\/ponleu.org\/fr\/qui-sommes-nous\/","title":{"rendered":"Qui sommes-nous ?"},"content":{"rendered":"\n<h2 class=\"gb-headline gb-headline-5326e1a1 gb-headline-text\">Qui sommes-nous ?<\/h2>\n\n\n\n<p>L\u2019association Ponleu (loi 1901) a pour objectif de donner acc\u00e8s \u00e0 des ouvrages de r\u00e9f\u00e9rence internationaux, \u00e0 travers leur traduction et publication en khmer. Elle publie \u00e9galement ses propres ouvrages, qui portent sur divers champs de la connaissance (philosophie, litt\u00e9rature, sciences, etc.)<\/p>\n\n\n\n<p><strong>M. Vandy Kaonn<\/strong>, auteur des premiers livres de Ponleu :<br><em>Professeur de philosophie, journaliste et \u00e9crivain. Il a \u00e9tudi\u00e9 la sociologie dans les ann\u00e9es 1970 \u00e0 Paris. Il a \u00e9crit de nombreux livres en khmer dont <\/em>R\u00eave et r\u00e9alit\u00e9<em>, et des livres en fran\u00e7ais dont \u00ab <\/em>Cambodge, ou la politique sans les Cambodgiens \u00bb<em>, \u00ab <\/em>La nuit sera longue \u00bb<em>, etc.<\/em><\/p>\n","protected":false},"excerpt":{"rendered":"<p>Qui sommes-nous ? L\u2019association Ponleu (loi 1901) a pour objectif de donner acc\u00e8s \u00e0 des ouvrages de r\u00e9f\u00e9rence internationaux, \u00e0 travers leur traduction et publication en khmer. Elle publie \u00e9galement ses propres ouvrages, qui portent sur divers champs de la connaissance (philosophie, litt\u00e9rature, sciences, etc.) M. Vandy Kaonn, auteur des premiers livres de Ponleu :Professeur &#8230; <\/p>\n<p class=\"read-more-container\"><a title=\"Qui sommes-nous ?\" class=\"read-more button\" href=\"https:\/\/ponleu.org\/fr\/qui-sommes-nous\/#more-512\" aria-label=\"En savoir plus sur Qui sommes-nous ?\">Lire plus<\/a><\/p>\n","protected":false},"author":1,"featured_media":0,"parent":0,"menu_order":0,"comment_status":"closed","ping_status":"closed","template":"","meta":{"footnotes":""},"_links":{"self":[{"href":"https:\/\/ponleu.org\/fr\/wp-json\/wp\/v2\/pages\/512"}],"collection":[{"href":"https:\/\/ponleu.org\/fr\/wp-json\/wp\/v2\/pages"}],"about":[{"href":"https:\/\/ponleu.org\/fr\/wp-json\/wp\/v2\/types\/page"}],"author":[{"embeddable":true,"href":"https:\/\/ponleu.org\/fr\/wp-json\/wp\/v2\/users\/1"}],"replies":[{"embeddable":true,"href":"https:\/\/ponleu.org\/fr\/wp-json\/wp\/v2\/comments?post=512"}],"version-history":[{"count":0,"href":"https:\/\/ponleu.org\/fr\/wp-json\/wp\/v2\/pages\/512\/revisions"}],"wp:attachment":[{"href":"https:\/\/ponleu.org\/fr\/wp-json\/wp\/v2\/media?parent=512"}],"curies":[{"name":"wp","href":"https:\/\/api.w.org\/{rel}","templated":true}]}}