{"id":612,"date":"2016-11-13T00:36:26","date_gmt":"2016-11-13T00:36:26","guid":{"rendered":"https:\/\/ponleu.org\/?page_id=612"},"modified":"2016-11-18T11:57:04","modified_gmt":"2016-11-18T11:57:04","slug":"les-ecrivains-celebres","status":"publish","type":"page","link":"https:\/\/ponleu.org\/fr\/les-ecrivains-celebres\/","title":{"rendered":"Les \u00e9crivains c\u00e9l\u00e8bres"},"content":{"rendered":"<p>[one_half]<img decoding=\"async\" src=\"https:\/\/ponleu.org\/wp-content\/uploads\/2016\/11\/livre_ecrivains-celebres-l.jpg\" alt=\"livre_ecrivains-celebres-l\" \/>[\/one_half]<\/p>\n<h2 style=\"text-align: left;\"><\/h2>\n<p>[one_half_last]<\/p>\n<h2 style=\"text-align: left;\">Les \u00e9crivains c\u00e9l\u00e8bres<\/h2>\n<p>Ce livre en khmer, r\u00e9dig\u00e9 par M. Vandy Kaonn, pr\u00e9sente les auteurs qui ont eu une influence d\u00e9cisive dans l&rsquo;histoire de la litt\u00e9rature internationale. Il est actuellement disponible \u00e0 la librairie du Sipar, et bient\u00f4t dans les autres librairies au Cambodge.<\/p>\n<p><strong>Librairie du Sipar<\/strong> : 9 rue 334, quartier Boeung Keng Kang 1, Phnom Penh (t\u00e9l. : 099 555 915 \/ 070 923 777 \/ 023 216 001)<\/p>\n<p>[\/one_half_last]<\/p>\n<p>&nbsp;<\/p>\n","protected":false},"excerpt":{"rendered":"<p>[one_half][\/one_half] [one_half_last] Les \u00e9crivains c\u00e9l\u00e8bres Ce livre en khmer, r\u00e9dig\u00e9 par M. Vandy Kaonn, pr\u00e9sente les auteurs qui ont eu une influence d\u00e9cisive dans l&rsquo;histoire de la litt\u00e9rature internationale. Il est actuellement disponible \u00e0 la librairie du Sipar, et bient\u00f4t dans les autres librairies au Cambodge. Librairie du Sipar : 9 rue 334, quartier Boeung &#8230; <\/p>\n<p class=\"read-more-container\"><a title=\"Les \u00e9crivains c\u00e9l\u00e8bres\" class=\"read-more button\" href=\"https:\/\/ponleu.org\/fr\/les-ecrivains-celebres\/#more-612\" aria-label=\"En savoir plus sur Les \u00e9crivains c\u00e9l\u00e8bres\">Lire plus<\/a><\/p>\n","protected":false},"author":1,"featured_media":0,"parent":0,"menu_order":0,"comment_status":"closed","ping_status":"closed","template":"","meta":{"footnotes":""},"_links":{"self":[{"href":"https:\/\/ponleu.org\/fr\/wp-json\/wp\/v2\/pages\/612"}],"collection":[{"href":"https:\/\/ponleu.org\/fr\/wp-json\/wp\/v2\/pages"}],"about":[{"href":"https:\/\/ponleu.org\/fr\/wp-json\/wp\/v2\/types\/page"}],"author":[{"embeddable":true,"href":"https:\/\/ponleu.org\/fr\/wp-json\/wp\/v2\/users\/1"}],"replies":[{"embeddable":true,"href":"https:\/\/ponleu.org\/fr\/wp-json\/wp\/v2\/comments?post=612"}],"version-history":[{"count":0,"href":"https:\/\/ponleu.org\/fr\/wp-json\/wp\/v2\/pages\/612\/revisions"}],"wp:attachment":[{"href":"https:\/\/ponleu.org\/fr\/wp-json\/wp\/v2\/media?parent=612"}],"curies":[{"name":"wp","href":"https:\/\/api.w.org\/{rel}","templated":true}]}}